{"id":28116,"date":"2020-03-19T13:00:10","date_gmt":"2020-03-19T13:00:10","guid":{"rendered":"https:\/\/women.lv\/?product=pretnovecosanas-serums-ar-c-vitaminu"},"modified":"2026-02-04T13:00:50","modified_gmt":"2026-02-04T11:00:50","slug":"pretnovecosanas-serums-ar-c-vitaminu","status":"publish","type":"product","link":"http:\/\/women.lv\/en\/product\/pretnovecosanas-serums-ar-c-vitaminu\/","title":{"rendered":"Antiaging serum with vitamin C"},"content":{"rendered":"<p><span style=\"font-family: Helvetica; font-size: 18px;\">Fight against wrinkles and signs of aging.<\/span><\/p>\n<p><span style=\"font-size: 18px;\">Formulated with Dead Sea minerals and vitamin C.<\/span><\/p>\n<p><span style=\"font-size: 18px;\">Pretnoveco\u0161an\u0101s serums pal\u012bdz kori\u0123\u0113t noveco\u0161an\u0101s paz\u012bmes, intens\u012bvi barojot un atjaunojot \u0101du. Serums satur e\u013c\u013c\u0101 \u0161\u0137\u012bsto\u0161u C vitam\u012bna formu, kas iek\u013c\u016bst \u0161\u016bnu membr\u0101n\u0101, nodro\u0161inot m\u0113r\u0137tiec\u012bgu \u0161\u012b svar\u012bg\u0101 vitam\u012bna pieg\u0101di, saglab\u0101jot \u0101das dabisko l\u012bdzsvaru. Atvieglo \u0101das \u0161\u016bnu atjauno\u0161anos, kolag\u0113na un elast\u012bna sint\u0113zi, t\u0101d\u0113j\u0101di veidojot tvirt\u0101ku un jaun\u0101ku \u0101du. T\u0101 ekskluz\u012bvaj\u0101 formul\u0101 ir jaud\u012bgs N\u0101ves j\u016bras miner\u0101lu, pept\u012bdu un antioksidantu mais\u012bjums, kas \u012bpa\u0161i paredz\u0113ts nobriedu\u0161ai \u0101dai, atst\u0101jot to maig\u0101ku, elast\u012bg\u0101ku un skaisti mirdzo\u0161u.<\/span><\/p>\n<p>&nbsp;<\/p>\n<p>&nbsp;<\/p>\n<p>&nbsp;<\/p>","protected":false},"excerpt":{"rendered":"<p>Fight against wrinkles and signs of aging. Formulated with Dead Sea minerals and vitamin C. Anti-aging serum helps to correct the signs of aging,<\/p>","protected":false},"featured_media":28117,"comment_status":"open","ping_status":"closed","template":"","meta":[],"product_brand":[],"product_cat":[2231,2201,2200,2215],"product_tag":[2244,2243,2332,2294,2334,2333,2245],"class_list":{"0":"post-28116","1":"product","2":"type-product","3":"status-publish","4":"has-post-thumbnail","6":"product_cat-lv-on-sale","7":"product_cat-pretnovecosanas-un-pretgrumbu","8":"product_cat-sejas-kopsanas-lidzekli","9":"product_cat-visi-produkti","10":"product_tag-israel","11":"product_tag-izraela","12":"product_tag-pret-novecosanas-serums-ar-c-vitaminu","13":"product_tag-pure-mineral","14":"product_tag-timeless-anti-aging-serum-with-vitamin-c","15":"product_tag-2333","16":"product_tag-2245","17":"pa_brand_nc-pure-mineral","18":"pa_ean_nc-3873","20":"first","21":"instock","22":"sale","23":"taxable","24":"shipping-taxable","25":"purchasable","26":"product-type-simple"},"yoast_head":"<!-- This site is optimized with the Yoast SEO plugin v27.4 - https:\/\/yoast.com\/product\/yoast-seo-wordpress\/ -->\n<title>Pret-noveco\u0161an\u0101s serums ar C vitam\u012bnu<\/title>\n<meta name=\"description\" content=\"M\u016b\u017e\u012bgais pretnoveco\u0161an\u0101s serums pal\u012bdz kori\u0123\u0113t noveco\u0161an\u0101s paz\u012bmes, intens\u012bvi barojot un atjaunojot \u0101du.\" \/>\n<meta name=\"robots\" content=\"index, follow, max-snippet:-1, max-image-preview:large, max-video-preview:-1\" \/>\n<link rel=\"canonical\" href=\"https:\/\/women.lv\/en\/product\/pretnovecosanas-serums-ar-c-vitaminu\/\" \/>\n<meta property=\"og:locale\" content=\"en_GB\" \/>\n<meta property=\"og:type\" content=\"article\" \/>\n<meta property=\"og:title\" content=\"Pret-noveco\u0161an\u0101s serums ar C vitam\u012bnu\" \/>\n<meta property=\"og:description\" content=\"M\u016b\u017e\u012bgais pretnoveco\u0161an\u0101s serums pal\u012bdz kori\u0123\u0113t noveco\u0161an\u0101s paz\u012bmes, intens\u012bvi barojot un atjaunojot \u0101du.\" \/>\n<meta property=\"og:url\" content=\"https:\/\/women.lv\/en\/product\/pretnovecosanas-serums-ar-c-vitaminu\/\" \/>\n<meta property=\"og:site_name\" content=\"Women Veikals\" \/>\n<meta property=\"article:modified_time\" content=\"2026-02-04T11:00:50+00:00\" \/>\n<meta property=\"og:image\" content=\"https:\/\/women.lv\/wp-content\/uploads\/nc\/catalog\/Pure-Mineral\/vitamin-C\/pure_mineral_timeless_anti_aging_serum_with_vitamin_c11-scaled.jpg\" \/>\n\t<meta property=\"og:image:width\" content=\"1200\" \/>\n\t<meta property=\"og:image:height\" content=\"1600\" \/>\n\t<meta property=\"og:image:type\" content=\"image\/jpeg\" \/>\n<meta name=\"twitter:card\" content=\"summary_large_image\" \/>\n<meta name=\"twitter:label1\" content=\"Estimated reading time\" \/>\n\t<meta name=\"twitter:data1\" content=\"1 minute\" \/>\n<script type=\"application\/ld+json\" class=\"yoast-schema-graph\">{\"@context\":\"https:\\\/\\\/schema.org\",\"@graph\":[{\"@type\":\"WebPage\",\"@id\":\"https:\\\/\\\/women.lv\\\/product\\\/pretnovecosanas-serums-ar-c-vitaminu\\\/\",\"url\":\"https:\\\/\\\/women.lv\\\/product\\\/pretnovecosanas-serums-ar-c-vitaminu\\\/\",\"name\":\"Pret-noveco\u0161an\u0101s serums ar C vitam\u012bnu\",\"isPartOf\":{\"@id\":\"https:\\\/\\\/women.lv\\\/#website\"},\"primaryImageOfPage\":{\"@id\":\"https:\\\/\\\/women.lv\\\/product\\\/pretnovecosanas-serums-ar-c-vitaminu\\\/#primaryimage\"},\"image\":{\"@id\":\"https:\\\/\\\/women.lv\\\/product\\\/pretnovecosanas-serums-ar-c-vitaminu\\\/#primaryimage\"},\"thumbnailUrl\":\"https:\\\/\\\/women.lv\\\/wp-content\\\/uploads\\\/nc\\\/catalog\\\/Pure-Mineral\\\/vitamin-C\\\/pure_mineral_timeless_anti_aging_serum_with_vitamin_c11-scaled.jpg\",\"datePublished\":\"2020-03-19T13:00:10+00:00\",\"dateModified\":\"2026-02-04T11:00:50+00:00\",\"description\":\"M\u016b\u017e\u012bgais pretnoveco\u0161an\u0101s serums pal\u012bdz kori\u0123\u0113t noveco\u0161an\u0101s paz\u012bmes, intens\u012bvi barojot un atjaunojot \u0101du.\",\"breadcrumb\":{\"@id\":\"https:\\\/\\\/women.lv\\\/product\\\/pretnovecosanas-serums-ar-c-vitaminu\\\/#breadcrumb\"},\"inLanguage\":\"en-GB\",\"potentialAction\":[{\"@type\":\"ReadAction\",\"target\":[\"https:\\\/\\\/women.lv\\\/product\\\/pretnovecosanas-serums-ar-c-vitaminu\\\/\"]}]},{\"@type\":\"ImageObject\",\"inLanguage\":\"en-GB\",\"@id\":\"https:\\\/\\\/women.lv\\\/product\\\/pretnovecosanas-serums-ar-c-vitaminu\\\/#primaryimage\",\"url\":\"https:\\\/\\\/women.lv\\\/wp-content\\\/uploads\\\/nc\\\/catalog\\\/Pure-Mineral\\\/vitamin-C\\\/pure_mineral_timeless_anti_aging_serum_with_vitamin_c11-scaled.jpg\",\"contentUrl\":\"https:\\\/\\\/women.lv\\\/wp-content\\\/uploads\\\/nc\\\/catalog\\\/Pure-Mineral\\\/vitamin-C\\\/pure_mineral_timeless_anti_aging_serum_with_vitamin_c11-scaled.jpg\",\"width\":1200,\"height\":1600,\"caption\":\"Pretnoveco\u0161an\u0101s serums ar C vitam\u012bnu\"},{\"@type\":\"BreadcrumbList\",\"@id\":\"https:\\\/\\\/women.lv\\\/product\\\/pretnovecosanas-serums-ar-c-vitaminu\\\/#breadcrumb\",\"itemListElement\":[{\"@type\":\"ListItem\",\"position\":1,\"name\":\"Home\",\"item\":\"https:\\\/\\\/women.lv\\\/\"},{\"@type\":\"ListItem\",\"position\":2,\"name\":\"Products\",\"item\":\"https:\\\/\\\/women.lv\\\/en\\\/shop\\\/\"},{\"@type\":\"ListItem\",\"position\":3,\"name\":\"Pretnoveco\u0161an\u0101s serums ar C vitam\u012bnu\"}]},{\"@type\":\"WebSite\",\"@id\":\"https:\\\/\\\/women.lv\\\/#website\",\"url\":\"https:\\\/\\\/women.lv\\\/\",\"name\":\"Women Veikals\",\"description\":\"Uzdr\u012bksties b\u016bt skaista\",\"potentialAction\":[{\"@type\":\"SearchAction\",\"target\":{\"@type\":\"EntryPoint\",\"urlTemplate\":\"https:\\\/\\\/women.lv\\\/?s={search_term_string}\"},\"query-input\":{\"@type\":\"PropertyValueSpecification\",\"valueRequired\":true,\"valueName\":\"search_term_string\"}}],\"inLanguage\":\"en-GB\"}]}<\/script>\n<!-- \/ Yoast SEO plugin. -->","yoast_head_json":{"title":"Pret-noveco\u0161an\u0101s serums ar C vitam\u012bnu","description":"M\u016b\u017e\u012bgais pretnoveco\u0161an\u0101s serums pal\u012bdz kori\u0123\u0113t noveco\u0161an\u0101s paz\u012bmes, intens\u012bvi barojot un atjaunojot \u0101du.","robots":{"index":"index","follow":"follow","max-snippet":"max-snippet:-1","max-image-preview":"max-image-preview:large","max-video-preview":"max-video-preview:-1"},"canonical":"https:\/\/women.lv\/en\/product\/pretnovecosanas-serums-ar-c-vitaminu\/","og_locale":"en_GB","og_type":"article","og_title":"Pret-noveco\u0161an\u0101s serums ar C vitam\u012bnu","og_description":"M\u016b\u017e\u012bgais pretnoveco\u0161an\u0101s serums pal\u012bdz kori\u0123\u0113t noveco\u0161an\u0101s paz\u012bmes, intens\u012bvi barojot un atjaunojot \u0101du.","og_url":"https:\/\/women.lv\/en\/product\/pretnovecosanas-serums-ar-c-vitaminu\/","og_site_name":"Women Veikals","article_modified_time":"2026-02-04T11:00:50+00:00","og_image":[{"width":1200,"height":1600,"url":"https:\/\/women.lv\/wp-content\/uploads\/nc\/catalog\/Pure-Mineral\/vitamin-C\/pure_mineral_timeless_anti_aging_serum_with_vitamin_c11-scaled.jpg","type":"image\/jpeg"}],"twitter_card":"summary_large_image","twitter_misc":{"Estimated reading time":"1 minute"},"schema":{"@context":"https:\/\/schema.org","@graph":[{"@type":"WebPage","@id":"https:\/\/women.lv\/product\/pretnovecosanas-serums-ar-c-vitaminu\/","url":"https:\/\/women.lv\/product\/pretnovecosanas-serums-ar-c-vitaminu\/","name":"Pret-noveco\u0161an\u0101s serums ar C vitam\u012bnu","isPartOf":{"@id":"https:\/\/women.lv\/#website"},"primaryImageOfPage":{"@id":"https:\/\/women.lv\/product\/pretnovecosanas-serums-ar-c-vitaminu\/#primaryimage"},"image":{"@id":"https:\/\/women.lv\/product\/pretnovecosanas-serums-ar-c-vitaminu\/#primaryimage"},"thumbnailUrl":"https:\/\/women.lv\/wp-content\/uploads\/nc\/catalog\/Pure-Mineral\/vitamin-C\/pure_mineral_timeless_anti_aging_serum_with_vitamin_c11-scaled.jpg","datePublished":"2020-03-19T13:00:10+00:00","dateModified":"2026-02-04T11:00:50+00:00","description":"M\u016b\u017e\u012bgais pretnoveco\u0161an\u0101s serums pal\u012bdz kori\u0123\u0113t noveco\u0161an\u0101s paz\u012bmes, intens\u012bvi barojot un atjaunojot \u0101du.","breadcrumb":{"@id":"https:\/\/women.lv\/product\/pretnovecosanas-serums-ar-c-vitaminu\/#breadcrumb"},"inLanguage":"en-GB","potentialAction":[{"@type":"ReadAction","target":["https:\/\/women.lv\/product\/pretnovecosanas-serums-ar-c-vitaminu\/"]}]},{"@type":"ImageObject","inLanguage":"en-GB","@id":"https:\/\/women.lv\/product\/pretnovecosanas-serums-ar-c-vitaminu\/#primaryimage","url":"https:\/\/women.lv\/wp-content\/uploads\/nc\/catalog\/Pure-Mineral\/vitamin-C\/pure_mineral_timeless_anti_aging_serum_with_vitamin_c11-scaled.jpg","contentUrl":"https:\/\/women.lv\/wp-content\/uploads\/nc\/catalog\/Pure-Mineral\/vitamin-C\/pure_mineral_timeless_anti_aging_serum_with_vitamin_c11-scaled.jpg","width":1200,"height":1600,"caption":"Pretnoveco\u0161an\u0101s serums ar C vitam\u012bnu"},{"@type":"BreadcrumbList","@id":"https:\/\/women.lv\/product\/pretnovecosanas-serums-ar-c-vitaminu\/#breadcrumb","itemListElement":[{"@type":"ListItem","position":1,"name":"Home","item":"https:\/\/women.lv\/"},{"@type":"ListItem","position":2,"name":"Products","item":"https:\/\/women.lv\/en\/shop\/"},{"@type":"ListItem","position":3,"name":"Pretnoveco\u0161an\u0101s serums ar C vitam\u012bnu"}]},{"@type":"WebSite","@id":"https:\/\/women.lv\/#website","url":"https:\/\/women.lv\/","name":"Women Shop","description":"Uzdr\u012bksties b\u016bt skaista","potentialAction":[{"@type":"SearchAction","target":{"@type":"EntryPoint","urlTemplate":"https:\/\/women.lv\/?s={search_term_string}"},"query-input":{"@type":"PropertyValueSpecification","valueRequired":true,"valueName":"search_term_string"}}],"inLanguage":"en-GB"}]}},"_links":{"self":[{"href":"http:\/\/women.lv\/en\/wp-json\/wp\/v2\/product\/28116","targetHints":{"allow":["GET"]}}],"collection":[{"href":"http:\/\/women.lv\/en\/wp-json\/wp\/v2\/product"}],"about":[{"href":"http:\/\/women.lv\/en\/wp-json\/wp\/v2\/types\/product"}],"replies":[{"embeddable":true,"href":"http:\/\/women.lv\/en\/wp-json\/wp\/v2\/comments?post=28116"}],"version-history":[{"count":0,"href":"http:\/\/women.lv\/en\/wp-json\/wp\/v2\/product\/28116\/revisions"}],"wp:featuredmedia":[{"embeddable":true,"href":"http:\/\/women.lv\/en\/wp-json\/wp\/v2\/media\/28117"}],"wp:attachment":[{"href":"http:\/\/women.lv\/en\/wp-json\/wp\/v2\/media?parent=28116"}],"wp:term":[{"taxonomy":"product_brand","embeddable":true,"href":"http:\/\/women.lv\/en\/wp-json\/wp\/v2\/product_brand?post=28116"},{"taxonomy":"product_cat","embeddable":true,"href":"http:\/\/women.lv\/en\/wp-json\/wp\/v2\/product_cat?post=28116"},{"taxonomy":"product_tag","embeddable":true,"href":"http:\/\/women.lv\/en\/wp-json\/wp\/v2\/product_tag?post=28116"}],"curies":[{"name":"wp","href":"https:\/\/api.w.org\/{rel}","templated":true}]}}